{"id":821,"date":"2021-12-09T16:30:45","date_gmt":"2021-12-09T16:30:45","guid":{"rendered":"http:\/\/wuerziges.de\/?page_id=821"},"modified":"2024-01-31T14:25:32","modified_gmt":"2024-01-31T14:25:32","slug":"impressionen","status":"publish","type":"page","link":"https:\/\/wuerziges.de\/?page_id=821","title":{"rendered":"Impressionen"},"content":{"rendered":"\r\n<p>&nbsp;<\/p>\r\n<p style=\"text-align: center;\"><strong>HR zu Gast in unseren R\u00e4umen!!<\/strong><\/p>\r\n<p><strong><a href=\"https:\/\/wuerziges.de\/wp-content\/uploads\/2024\/01\/4ab40850-c97f-49b2-962b-64e232a29af2.jpg\"><img loading=\"lazy\" decoding=\"async\" class=\"alignnone size-medium wp-image-1177 aligncenter\" src=\"https:\/\/wuerziges.de\/wp-content\/uploads\/2024\/01\/4ab40850-c97f-49b2-962b-64e232a29af2-300x225.jpg\" alt=\"\" width=\"300\" height=\"225\" srcset=\"https:\/\/wuerziges.de\/wp-content\/uploads\/2024\/01\/4ab40850-c97f-49b2-962b-64e232a29af2-300x225.jpg 300w, https:\/\/wuerziges.de\/wp-content\/uploads\/2024\/01\/4ab40850-c97f-49b2-962b-64e232a29af2-1024x768.jpg 1024w, https:\/\/wuerziges.de\/wp-content\/uploads\/2024\/01\/4ab40850-c97f-49b2-962b-64e232a29af2-768x576.jpg 768w, https:\/\/wuerziges.de\/wp-content\/uploads\/2024\/01\/4ab40850-c97f-49b2-962b-64e232a29af2-1536x1152.jpg 1536w, https:\/\/wuerziges.de\/wp-content\/uploads\/2024\/01\/4ab40850-c97f-49b2-962b-64e232a29af2.jpg 2048w\" sizes=\"auto, (max-width: 300px) 100vw, 300px\" \/><\/a><\/strong> <a href=\"https:\/\/wuerziges.de\/wp-content\/uploads\/2024\/01\/9d957ff6-d1b1-4f9e-aabd-e54150db1e18.jpg\"><img loading=\"lazy\" decoding=\"async\" class=\"alignnone size-medium wp-image-1178\" src=\"https:\/\/wuerziges.de\/wp-content\/uploads\/2024\/01\/9d957ff6-d1b1-4f9e-aabd-e54150db1e18-300x225.jpg\" alt=\"\" width=\"300\" height=\"225\" srcset=\"https:\/\/wuerziges.de\/wp-content\/uploads\/2024\/01\/9d957ff6-d1b1-4f9e-aabd-e54150db1e18-300x225.jpg 300w, https:\/\/wuerziges.de\/wp-content\/uploads\/2024\/01\/9d957ff6-d1b1-4f9e-aabd-e54150db1e18-1024x768.jpg 1024w, https:\/\/wuerziges.de\/wp-content\/uploads\/2024\/01\/9d957ff6-d1b1-4f9e-aabd-e54150db1e18-768x576.jpg 768w, https:\/\/wuerziges.de\/wp-content\/uploads\/2024\/01\/9d957ff6-d1b1-4f9e-aabd-e54150db1e18-1536x1152.jpg 1536w, https:\/\/wuerziges.de\/wp-content\/uploads\/2024\/01\/9d957ff6-d1b1-4f9e-aabd-e54150db1e18.jpg 2048w\" sizes=\"auto, (max-width: 300px) 100vw, 300px\" \/><\/a> <a href=\"https:\/\/wuerziges.de\/wp-content\/uploads\/2024\/01\/033a401d-38e6-49e4-a27c-3a2a79f748ad.jpg\"><img loading=\"lazy\" decoding=\"async\" class=\"alignnone size-medium wp-image-1179\" src=\"https:\/\/wuerziges.de\/wp-content\/uploads\/2024\/01\/033a401d-38e6-49e4-a27c-3a2a79f748ad-300x225.jpg\" alt=\"\" width=\"300\" height=\"225\" srcset=\"https:\/\/wuerziges.de\/wp-content\/uploads\/2024\/01\/033a401d-38e6-49e4-a27c-3a2a79f748ad-300x225.jpg 300w, https:\/\/wuerziges.de\/wp-content\/uploads\/2024\/01\/033a401d-38e6-49e4-a27c-3a2a79f748ad-1024x768.jpg 1024w, https:\/\/wuerziges.de\/wp-content\/uploads\/2024\/01\/033a401d-38e6-49e4-a27c-3a2a79f748ad-768x576.jpg 768w, https:\/\/wuerziges.de\/wp-content\/uploads\/2024\/01\/033a401d-38e6-49e4-a27c-3a2a79f748ad-1536x1152.jpg 1536w, https:\/\/wuerziges.de\/wp-content\/uploads\/2024\/01\/033a401d-38e6-49e4-a27c-3a2a79f748ad.jpg 2048w\" sizes=\"auto, (max-width: 300px) 100vw, 300px\" \/><\/a> <a href=\"https:\/\/wuerziges.de\/wp-content\/uploads\/2024\/01\/87c3ec10-1b05-40eb-9424-8a36197d2926.jpg\"><img loading=\"lazy\" decoding=\"async\" class=\"alignnone size-medium wp-image-1180\" src=\"https:\/\/wuerziges.de\/wp-content\/uploads\/2024\/01\/87c3ec10-1b05-40eb-9424-8a36197d2926-300x225.jpg\" alt=\"\" width=\"300\" height=\"225\" srcset=\"https:\/\/wuerziges.de\/wp-content\/uploads\/2024\/01\/87c3ec10-1b05-40eb-9424-8a36197d2926-300x225.jpg 300w, https:\/\/wuerziges.de\/wp-content\/uploads\/2024\/01\/87c3ec10-1b05-40eb-9424-8a36197d2926-1024x768.jpg 1024w, https:\/\/wuerziges.de\/wp-content\/uploads\/2024\/01\/87c3ec10-1b05-40eb-9424-8a36197d2926-768x576.jpg 768w, https:\/\/wuerziges.de\/wp-content\/uploads\/2024\/01\/87c3ec10-1b05-40eb-9424-8a36197d2926-1536x1152.jpg 1536w, https:\/\/wuerziges.de\/wp-content\/uploads\/2024\/01\/87c3ec10-1b05-40eb-9424-8a36197d2926.jpg 2048w\" sizes=\"auto, (max-width: 300px) 100vw, 300px\" \/><\/a> <a href=\"https:\/\/wuerziges.de\/wp-content\/uploads\/2024\/01\/41923c17-e7ac-400e-8d9e-728ba1570e2a.jpg\"><img loading=\"lazy\" decoding=\"async\" class=\"alignnone size-medium wp-image-1181\" src=\"https:\/\/wuerziges.de\/wp-content\/uploads\/2024\/01\/41923c17-e7ac-400e-8d9e-728ba1570e2a-225x300.jpg\" alt=\"\" width=\"225\" height=\"300\" srcset=\"https:\/\/wuerziges.de\/wp-content\/uploads\/2024\/01\/41923c17-e7ac-400e-8d9e-728ba1570e2a-225x300.jpg 225w, https:\/\/wuerziges.de\/wp-content\/uploads\/2024\/01\/41923c17-e7ac-400e-8d9e-728ba1570e2a-768x1024.jpg 768w, https:\/\/wuerziges.de\/wp-content\/uploads\/2024\/01\/41923c17-e7ac-400e-8d9e-728ba1570e2a-1152x1536.jpg 1152w, https:\/\/wuerziges.de\/wp-content\/uploads\/2024\/01\/41923c17-e7ac-400e-8d9e-728ba1570e2a.jpg 1536w\" sizes=\"auto, (max-width: 225px) 100vw, 225px\" \/><\/a><\/p>\r\n<p>Gew\u00fcrzsommeli\u00e8re aus Hessen! Du hast unseren Beitrag im HR am 20.12.2023 um 19.30 h verpasst?<\/p>\r\n<p>Unter folgendem Link k\u00f6nnt ihr ihn euch noch einmal ansehen:<\/p>\r\n<p><strong>https:\/\/www.hessenschau.de\/tv-sendung\/gewuerz-sommeliere-aus-hessen,video-191452.html<\/strong><\/p>\r\n<p>&nbsp;<\/p>\r\n<p>Artikel in Offenbach.de &#8211; schauen Sie rein &#8211;<\/p>\r\n\r\n\r\n\r\n<p>Andrea Frank, Inhaberin von \u201eFrank\u2018s Kr\u00e4uter- und Gew\u00fcrzwelt\u201c<\/p>\r\n\r\n\r\n\r\n<p><strong>Herrin \u00fcber 1000 Kr\u00e4uter und Gew\u00fcrze<\/strong><\/p>\r\n\r\n\r\n\r\n<p>\u201eMeine Dame, mein Herr, zu Ihrem Tunatatar empfehle ich einen reinsortigen Pfeffer mit feinen Noten von Sandelholz und schwarzem Tee, zum Beispiel einen 2021er Tellicherry aus der M\u00fchle!\u201c. So k\u00f6nnte es klingen, wenn Andrea Frank in einem schwarzen Kost\u00fcm an einem wei\u00dfgedeckten Tisch in einem Sterne-Restaurant stehen w\u00fcrde.<\/p>\r\n\r\n\r\n\r\n<p>Ebenso wie ein Wein-Sommeli\u00e9r hat sie eine sehr feine Sensorik und ein ausgepr\u00e4gtes Gesp\u00fcr f\u00fcr Aromen. Ihr Arbeitsplatz misst drei auf vier Meter und ist sonnengelb. Im Gegensatz zu einem Wein-Sommeli\u00e8r tr\u00e4gt die zertifizierte Gew\u00fcrz-Sommeli\u00e9re eine bequeme Fleecejacke, Jeans und bequeme Sneakers. Ihre Stammkund*innen stehen mit einem Einkaufszettel, einer Handynotiz oder einfach nur neugierig vor ihr und fragen: \u201eAndrea, hast Du Dir wieder was Neues ausgedacht?\u201c\u00a0<\/p>\r\n\r\n\r\n\r\n<p>Dann lacht Andrea Frank und reicht eines der kleinen T\u00fctchen aus ihrer Auslage r\u00fcber. \u201eZur Grillsaison empfehle ich meine hausgemachte Barbeque-Gew\u00fcrzmischung. Damit lassen sich Steaks, Drumsticks, Grillk\u00e4se und Gem\u00fcse fein marinieren.\u201c Diese wie auch ihre anderen exklusiven Gew\u00fcrzmischungen entstehen in ihrer K\u00fcche im osthessischen Sch\u00f6neck.<\/p>\r\n\r\n\r\n\r\n<p>Von A wie Anis, G wie Garam Marsala, L wie Lindenbl\u00fctentee \u00fcber T wie Tahiti-Vanille bis Z wie Zatar \u2013 fast 1000 verschiedene Gew\u00fcrze, (Heil-)Kr\u00e4uter und (Gesundheits-)Tees hat die Marktbeschickerin in ihrem Sortiment. Wenn sie sich mit ihrer Familie mal einen Urlaub g\u00f6nnt, kommt eine neue Sorte dazu. \u201eWir gucken immer, wo ein Markt oder ein Gew\u00fcrzladen ist, damit ich nicht betriebsblind werde\u201c, erz\u00e4hlt Andrea Frank.<\/p>\r\n\r\n\r\n\r\n<p>In Berlin, Hamburg, Salzburg, Mailand, London, Paris, Neu Delhi, auf Souks in Marokko, Abu Dhabi und Kapstadt hat sie sich schon inspirieren lassen. Im Moment entwickelt sie ein pikantes Gefl\u00fcgelgew\u00fcrz zum Einlegen. \u201eDas soll den Duft eines s\u00fcdafrikanischen Braai auf den Rost zaubern\u201c, verr\u00e4t die Gew\u00fcrz-Sommeli\u00e8re mit einem L\u00e4cheln.<\/p>\r\n\r\n\r\n\r\n<p><strong>Tipp-Kasten:<\/strong><\/p>\r\n\r\n\r\n\r\n<p>Damit Gew\u00fcrze ihr volles Aroma entfalten, sollten sie in der Pfanne leicht anger\u00f6stet werden. So entfaltet sich auch ein wunderbarer Duft in der K\u00fcche. Gew\u00fcrze, sowie Pfeffer und Salz m\u00f6glichst erst am Ende der Garzeit eines Gerichts zugeben.<\/p>\r\n\r\n\r\n\r\n<figure class=\"wp-block-image size-large\"><a href=\"https:\/\/wuerziges.de\/wp-content\/uploads\/2022\/06\/Workshop-Juni-2022-1.jpg\"><img loading=\"lazy\" decoding=\"async\" width=\"1024\" height=\"724\" class=\"wp-image-897\" src=\"https:\/\/wuerziges.de\/wp-content\/uploads\/2022\/06\/Workshop-Juni-2022-1-1024x724.jpg\" alt=\"\" srcset=\"https:\/\/wuerziges.de\/wp-content\/uploads\/2022\/06\/Workshop-Juni-2022-1-1024x724.jpg 1024w, https:\/\/wuerziges.de\/wp-content\/uploads\/2022\/06\/Workshop-Juni-2022-1-300x212.jpg 300w, https:\/\/wuerziges.de\/wp-content\/uploads\/2022\/06\/Workshop-Juni-2022-1-768x543.jpg 768w, https:\/\/wuerziges.de\/wp-content\/uploads\/2022\/06\/Workshop-Juni-2022-1.jpg 1087w\" sizes=\"auto, (max-width: 1024px) 100vw, 1024px\" \/><\/a><\/figure>\r\n\r\n\r\n\r\n<figure class=\"wp-block-image size-large\"><a href=\"https:\/\/wuerziges.de\/wp-content\/uploads\/2017\/07\/P1120488-scaled.jpg\"><img loading=\"lazy\" decoding=\"async\" width=\"1024\" height=\"768\" class=\"wp-image-748\" src=\"https:\/\/wuerziges.de\/wp-content\/uploads\/2017\/07\/P1120488-1024x768.jpg\" alt=\"\" srcset=\"https:\/\/wuerziges.de\/wp-content\/uploads\/2017\/07\/P1120488-1024x768.jpg 1024w, https:\/\/wuerziges.de\/wp-content\/uploads\/2017\/07\/P1120488-300x225.jpg 300w, https:\/\/wuerziges.de\/wp-content\/uploads\/2017\/07\/P1120488-768x576.jpg 768w, https:\/\/wuerziges.de\/wp-content\/uploads\/2017\/07\/P1120488-1536x1152.jpg 1536w, https:\/\/wuerziges.de\/wp-content\/uploads\/2017\/07\/P1120488-2048x1536.jpg 2048w\" sizes=\"auto, (max-width: 1024px) 100vw, 1024px\" \/><\/a>\r\n<figcaption>Chilis ganz, geschrotet oder gemahlen von fruchtig-mild bis scharf<\/figcaption>\r\n<\/figure>\r\n\r\n\r\n\r\n<figure class=\"wp-block-image size-large\"><a href=\"https:\/\/wuerziges.de\/wp-content\/uploads\/2021\/12\/IMG-20211203-WA0021.jpg\"><img loading=\"lazy\" decoding=\"async\" width=\"1024\" height=\"768\" class=\"wp-image-830\" src=\"https:\/\/wuerziges.de\/wp-content\/uploads\/2021\/12\/IMG-20211203-WA0021-1024x768.jpg\" alt=\"\" srcset=\"https:\/\/wuerziges.de\/wp-content\/uploads\/2021\/12\/IMG-20211203-WA0021-1024x768.jpg 1024w, https:\/\/wuerziges.de\/wp-content\/uploads\/2021\/12\/IMG-20211203-WA0021-300x225.jpg 300w, https:\/\/wuerziges.de\/wp-content\/uploads\/2021\/12\/IMG-20211203-WA0021-768x576.jpg 768w, https:\/\/wuerziges.de\/wp-content\/uploads\/2021\/12\/IMG-20211203-WA0021-1536x1152.jpg 1536w, https:\/\/wuerziges.de\/wp-content\/uploads\/2021\/12\/IMG-20211203-WA0021.jpg 1600w\" sizes=\"auto, (max-width: 1024px) 100vw, 1024px\" \/><\/a>\r\n<figcaption>Zu Gast bei &#8222;Hallo Hessen&#8220;<\/figcaption>\r\n<\/figure>\r\n\r\n\r\n\r\n<figure class=\"wp-block-image size-medium is-resized is-style-rounded\"><a href=\"https:\/\/wuerziges.de\/wp-content\/uploads\/2021\/12\/20211013_160249-scaled.jpg\"><img loading=\"lazy\" decoding=\"async\" class=\"wp-image-831\" src=\"https:\/\/wuerziges.de\/wp-content\/uploads\/2021\/12\/20211013_160249-146x300.jpg\" alt=\"\" width=\"245\" height=\"503\" srcset=\"https:\/\/wuerziges.de\/wp-content\/uploads\/2021\/12\/20211013_160249-146x300.jpg 146w, https:\/\/wuerziges.de\/wp-content\/uploads\/2021\/12\/20211013_160249-498x1024.jpg 498w, https:\/\/wuerziges.de\/wp-content\/uploads\/2021\/12\/20211013_160249-768x1580.jpg 768w, https:\/\/wuerziges.de\/wp-content\/uploads\/2021\/12\/20211013_160249-747x1536.jpg 747w, https:\/\/wuerziges.de\/wp-content\/uploads\/2021\/12\/20211013_160249-996x2048.jpg 996w, https:\/\/wuerziges.de\/wp-content\/uploads\/2021\/12\/20211013_160249-scaled.jpg 1244w\" sizes=\"auto, (max-width: 245px) 100vw, 245px\" \/><\/a>\r\n<figcaption>Tonkabohnen<\/figcaption>\r\n<\/figure>\r\n\r\n\r\n\r\n<figure class=\"wp-block-image size-medium is-resized\"><a href=\"https:\/\/wuerziges.de\/wp-content\/uploads\/2021\/12\/20211015_111451-scaled.jpg\"><img loading=\"lazy\" decoding=\"async\" class=\"wp-image-832\" src=\"https:\/\/wuerziges.de\/wp-content\/uploads\/2021\/12\/20211015_111451-146x300.jpg\" alt=\"\" width=\"312\" height=\"641\" srcset=\"https:\/\/wuerziges.de\/wp-content\/uploads\/2021\/12\/20211015_111451-146x300.jpg 146w, https:\/\/wuerziges.de\/wp-content\/uploads\/2021\/12\/20211015_111451-498x1024.jpg 498w, https:\/\/wuerziges.de\/wp-content\/uploads\/2021\/12\/20211015_111451-768x1580.jpg 768w, https:\/\/wuerziges.de\/wp-content\/uploads\/2021\/12\/20211015_111451-747x1536.jpg 747w, https:\/\/wuerziges.de\/wp-content\/uploads\/2021\/12\/20211015_111451-996x2048.jpg 996w, https:\/\/wuerziges.de\/wp-content\/uploads\/2021\/12\/20211015_111451-scaled.jpg 1244w\" sizes=\"auto, (max-width: 312px) 100vw, 312px\" \/><\/a>\r\n<figcaption>Vanilleschoten aus Madagaskar \/ Uganda \/ Taihiti<\/figcaption>\r\n<\/figure>\r\n\r\n\r\n\r\n<figure class=\"wp-block-image size-large\"><a href=\"https:\/\/wuerziges.de\/wp-content\/uploads\/2021\/12\/IMG-20211203-WA0031.jpg\"><img loading=\"lazy\" decoding=\"async\" width=\"1024\" height=\"768\" class=\"wp-image-833\" src=\"https:\/\/wuerziges.de\/wp-content\/uploads\/2021\/12\/IMG-20211203-WA0031-1024x768.jpg\" alt=\"\" srcset=\"https:\/\/wuerziges.de\/wp-content\/uploads\/2021\/12\/IMG-20211203-WA0031-1024x768.jpg 1024w, https:\/\/wuerziges.de\/wp-content\/uploads\/2021\/12\/IMG-20211203-WA0031-300x225.jpg 300w, https:\/\/wuerziges.de\/wp-content\/uploads\/2021\/12\/IMG-20211203-WA0031-768x576.jpg 768w, https:\/\/wuerziges.de\/wp-content\/uploads\/2021\/12\/IMG-20211203-WA0031-1536x1152.jpg 1536w, https:\/\/wuerziges.de\/wp-content\/uploads\/2021\/12\/IMG-20211203-WA0031.jpg 1600w\" sizes=\"auto, (max-width: 1024px) 100vw, 1024px\" \/><\/a>\r\n<figcaption>Feldsalat mit Granatapfelkernen und weihnachtlichem Dressing<\/figcaption>\r\n<\/figure>\r\n\r\n\r\n\r\n<p>&nbsp;<\/p>\r\n\r\n\r\n\r\n<figure class=\"wp-block-image size-large\"><a href=\"https:\/\/wuerziges.de\/wp-content\/uploads\/2022\/10\/OF-Post-02.11.2019_01.jpg\"><img loading=\"lazy\" decoding=\"async\" width=\"1024\" height=\"732\" class=\"wp-image-956\" src=\"https:\/\/wuerziges.de\/wp-content\/uploads\/2022\/10\/OF-Post-02.11.2019_01-1024x732.jpg\" alt=\"\" srcset=\"https:\/\/wuerziges.de\/wp-content\/uploads\/2022\/10\/OF-Post-02.11.2019_01-1024x732.jpg 1024w, https:\/\/wuerziges.de\/wp-content\/uploads\/2022\/10\/OF-Post-02.11.2019_01-300x214.jpg 300w, https:\/\/wuerziges.de\/wp-content\/uploads\/2022\/10\/OF-Post-02.11.2019_01-768x549.jpg 768w, https:\/\/wuerziges.de\/wp-content\/uploads\/2022\/10\/OF-Post-02.11.2019_01-1536x1098.jpg 1536w, https:\/\/wuerziges.de\/wp-content\/uploads\/2022\/10\/OF-Post-02.11.2019_01.jpg 1713w\" sizes=\"auto, (max-width: 1024px) 100vw, 1024px\" \/><\/a><\/figure>\r\n","protected":false},"excerpt":{"rendered":"<p>&nbsp; HR zu Gast in unseren R\u00e4umen!! Gew\u00fcrzsommeli\u00e8re aus Hessen! Du hast unseren Beitrag im HR am 20.12.2023 um 19.30 h verpasst? Unter folgendem Link k\u00f6nnt ihr ihn euch noch einmal ansehen: https:\/\/www.hessenschau.de\/tv-sendung\/gewuerz-sommeliere-aus-hessen,video-191452.html &nbsp; Artikel in Offenbach.de &#8211; schauen Sie rein &#8211; Andrea Frank, Inhaberin von \u201eFrank\u2018s Kr\u00e4uter- und Gew\u00fcrzwelt\u201c Herrin \u00fcber 1000 Kr\u00e4uter und &hellip; <a href=\"https:\/\/wuerziges.de\/?page_id=821\" class=\"more-link\"><span class=\"screen-reader-text\">Impressionen<\/span> weiterlesen<\/a><\/p>\n","protected":false},"author":1,"featured_media":0,"parent":0,"menu_order":0,"comment_status":"closed","ping_status":"closed","template":"","meta":{"footnotes":""},"class_list":["post-821","page","type-page","status-publish","hentry"],"_links":{"self":[{"href":"https:\/\/wuerziges.de\/index.php?rest_route=\/wp\/v2\/pages\/821","targetHints":{"allow":["GET"]}}],"collection":[{"href":"https:\/\/wuerziges.de\/index.php?rest_route=\/wp\/v2\/pages"}],"about":[{"href":"https:\/\/wuerziges.de\/index.php?rest_route=\/wp\/v2\/types\/page"}],"author":[{"embeddable":true,"href":"https:\/\/wuerziges.de\/index.php?rest_route=\/wp\/v2\/users\/1"}],"replies":[{"embeddable":true,"href":"https:\/\/wuerziges.de\/index.php?rest_route=%2Fwp%2Fv2%2Fcomments&post=821"}],"version-history":[{"count":10,"href":"https:\/\/wuerziges.de\/index.php?rest_route=\/wp\/v2\/pages\/821\/revisions"}],"predecessor-version":[{"id":1185,"href":"https:\/\/wuerziges.de\/index.php?rest_route=\/wp\/v2\/pages\/821\/revisions\/1185"}],"wp:attachment":[{"href":"https:\/\/wuerziges.de\/index.php?rest_route=%2Fwp%2Fv2%2Fmedia&parent=821"}],"curies":[{"name":"wp","href":"https:\/\/api.w.org\/{rel}","templated":true}]}}